{"id":25,"date":"2013-12-28T11:05:34","date_gmt":"2013-12-28T11:05:34","guid":{"rendered":"http:\/\/leon-maniere.fr\/?page_id=25"},"modified":"2014-01-19T20:05:13","modified_gmt":"2014-01-19T20:05:13","slug":"accueil","status":"publish","type":"page","link":"https:\/\/leon-maniere.fr\/","title":{"rendered":"Compositeur"},"content":{"rendered":"<p style=\"text-align: center;\"><strong>\u00a0<\/strong><\/p>\n<p style=\"text-align: center;\"><a href=\"https:\/\/leon-maniere.fr\/wp-content\/uploads\/2013\/12\/cropped-15-19331.jpg\"><img loading=\"lazy\" decoding=\"async\" class=\"alignnone size-medium wp-image-22\" alt=\"cropped-15-19331.jpg\" src=\"https:\/\/leon-maniere.fr\/wp-content\/uploads\/2013\/12\/cropped-15-19331-247x300.jpg\" width=\"247\" height=\"300\" srcset=\"https:\/\/leon-maniere.fr\/wp-content\/uploads\/2013\/12\/cropped-15-19331-247x300.jpg 247w, https:\/\/leon-maniere.fr\/wp-content\/uploads\/2013\/12\/cropped-15-19331.jpg 700w\" sizes=\"auto, (max-width: 247px) 100vw, 247px\" \/><\/a><\/p>\n<p style=\"text-align: center;\">~~~~~~~<\/p>\n<p style=\"text-align: left;\">Ce site est d\u00e9di\u00e9 \u00e0 la m\u00e9moire de nos grands-parents,<br \/>\nL\u00e9on Mani\u00e8re et Berthe Charles,<br \/>\n\u00e0 notre m\u00e8re Genevi\u00e8ve et \u00e0 nos oncles Georges et Maurice<\/p>\n<h4 style=\"text-align: right;\"><a title=\"Nous contacter\" href=\"https:\/\/leon-maniere.fr\/?page_id=1239\">Nous contacter<\/a><\/h4>\n","protected":false},"excerpt":{"rendered":"<p>\u00a0 ~~~~~~~ Ce site est d\u00e9di\u00e9 \u00e0 la m\u00e9moire de nos grands-parents, L\u00e9on Mani\u00e8re et Berthe Charles, \u00e0 notre m\u00e8re Genevi\u00e8ve et \u00e0 nos oncles Georges et Maurice Nous contacter &hellip; <a class=\"more-link\" href=\"https:\/\/leon-maniere.fr\/\">Lire la suite <span class=\"meta-nav\">&rarr;<\/span><\/a><\/p>\n","protected":false},"author":1,"featured_media":0,"parent":0,"menu_order":0,"comment_status":"closed","ping_status":"closed","template":"","meta":{"footnotes":""},"class_list":["post-25","page","type-page","status-publish","hentry"],"_links":{"self":[{"href":"https:\/\/leon-maniere.fr\/index.php?rest_route=\/wp\/v2\/pages\/25","targetHints":{"allow":["GET"]}}],"collection":[{"href":"https:\/\/leon-maniere.fr\/index.php?rest_route=\/wp\/v2\/pages"}],"about":[{"href":"https:\/\/leon-maniere.fr\/index.php?rest_route=\/wp\/v2\/types\/page"}],"author":[{"embeddable":true,"href":"https:\/\/leon-maniere.fr\/index.php?rest_route=\/wp\/v2\/users\/1"}],"replies":[{"embeddable":true,"href":"https:\/\/leon-maniere.fr\/index.php?rest_route=%2Fwp%2Fv2%2Fcomments&post=25"}],"version-history":[{"count":16,"href":"https:\/\/leon-maniere.fr\/index.php?rest_route=\/wp\/v2\/pages\/25\/revisions"}],"predecessor-version":[{"id":1242,"href":"https:\/\/leon-maniere.fr\/index.php?rest_route=\/wp\/v2\/pages\/25\/revisions\/1242"}],"wp:attachment":[{"href":"https:\/\/leon-maniere.fr\/index.php?rest_route=%2Fwp%2Fv2%2Fmedia&parent=25"}],"curies":[{"name":"wp","href":"https:\/\/api.w.org\/{rel}","templated":true}]}}